{"id":109,"date":"2019-11-23T13:17:28","date_gmt":"2019-11-23T13:17:28","guid":{"rendered":"https:\/\/licenceconsultoria.com.br\/index.php\/blog\/"},"modified":"2023-10-15T22:54:47","modified_gmt":"2023-10-15T22:54:47","slug":"blog","status":"publish","type":"page","link":"https:\/\/licenceconsultoria.com.br\/index.php\/blog\/","title":{"rendered":"Blog"},"content":{"rendered":"\t\t<div data-elementor-type=\"wp-page\" data-elementor-id=\"109\" class=\"elementor elementor-109\">\n\t\t\t\t\t\t\t\t\t<section class=\"elementor-section elementor-top-section elementor-element elementor-element-8358bdc elementor-section-boxed elementor-section-height-default elementor-section-height-default\" data-id=\"8358bdc\" data-element_type=\"section\">\n\t\t\t\t\t\t<div class=\"elementor-container elementor-column-gap-default\">\n\t\t\t\t\t<div class=\"aux-parallax-section elementor-column elementor-col-100 elementor-top-column elementor-element elementor-element-17eed44\" data-id=\"17eed44\" data-element_type=\"column\">\n\t\t\t<div class=\"elementor-widget-wrap elementor-element-populated\">\n\t\t\t\t\t\t\t\t<div class=\"elementor-element elementor-element-d754ebd elementor-widget__width-auto elementor-widget-mobile__width-inherit aux-appear-watch-animation aux-fade-in-right-2 elementor-widget elementor-widget-aux_modern_heading\" data-id=\"d754ebd\" data-element_type=\"widget\" data-widget_type=\"aux_modern_heading.default\">\n\t\t\t\t<div class=\"elementor-widget-container\">\n\t\t\t<section class=\"aux-widget-modern-heading\">\n            <div class=\"aux-widget-inner\"><h6 class=\"aux-modern-heading-primary\">Blog<\/h6><\/div>\n        <\/section>\t\t<\/div>\n\t\t\t\t<\/div>\n\t\t\t\t<div class=\"elementor-element elementor-element-6b9d7e9 elementor-widget__width-auto elementor-widget-mobile__width-inherit aux-appear-watch-animation aux-fade-in-right-2 elementor-widget elementor-widget-aux_icon_list\" data-id=\"6b9d7e9\" data-element_type=\"widget\" data-widget_type=\"aux_icon_list.default\">\n\t\t\t\t<div class=\"elementor-widget-container\">\n\t\t\t<section class=\"widget-container aux-widget-icon-list aux-parent-aue2f85ace\" style=\"\" ><div class=\"widget-inner\"><div class=\"aux-widget-icon-list-inner\"><ul class=\"aux-icon-list-items aux-direction-horizontal\" ><li class=\"aux-icon-list-item aux-list-item-has-connector aux-list-item-has-icon aux-icon-list-item-e7dcaf3 elementor-repeater-item-e7dcaf3\" ><span class=\"aux-icon-list-text\" >In\u00edcio > Blog<\/span><span class=\"aux-list-connector\" ><\/span><\/li><\/ul><\/div><\/div><\/section><!-- widget-container -->\t\t<\/div>\n\t\t\t\t<\/div>\n\t\t\t\t<div class=\"elementor-element elementor-element-ea0d54d aux-appear-watch-animation aux-fade-in-up-2 elementor-widget elementor-widget-aux_recent_posts\" data-id=\"ea0d54d\" data-element_type=\"widget\" data-settings=\"{&quot;columns_tablet&quot;:&quot;2&quot;,&quot;columns&quot;:&quot;4&quot;,&quot;columns_mobile&quot;:&quot;1&quot;}\" data-widget_type=\"aux_recent_posts.default\">\n\t\t\t\t<div class=\"elementor-widget-container\">\n\t\t\t<section class=\"widget-container aux-widget-recent-posts aux-parent-aucedd4ba3\"><div data-element-id=\"aucedd4ba3\" class=\"aux-match-height aux-row aux-de-col4 aux-tb-col2 aux-mb-col1 aux-total-1 aux-grid-carousel-modern-layout aux-no-meta aux-ajax-view  \"><div class=\"aux-col post-107\">\n                        <article class=\"post column-entry post-107 type-post status-publish format-standard has-post-thumbnail hentry category-blog\">\n                                                        <div class=\"entry-media\"><div class=\"aux-media-frame aux-media-image aux-image-mask\"><a href=\"https:\/\/licenceconsultoria.com.br\/index.php\/2019\/11\/23\/reliance-capitals-nbfc-portfolio-shrinks-to-just-insurance\/\"><img decoding=\"async\" loading=\"lazy\" width=\"470\" height=\"771\" src=\"data:image\/gif;base64,R0lGODlhAQABAIAAAAAAAP\/\/\/yH5BAEAAAAALAAAAAABAAEAAAIBRAA7\" class=\"aux-attachment aux-featured-image attachment-470x771.5094339612 aux-attachment-id-41  aux-preload aux-blank\" alt=\"demo-attachment-703-jakob-owens-gRkSYe-JYi0-unsplash-e1584533052930\" data-ratio=\"0.61\" data-original-w=\"738\" sizes=\"auto\" data-srcset=\"https:\/\/licenceconsultoria.com.br\/wp-content\/uploads\/2019\/11\/jakob-owens-gRkSYe-JYi0-unsplash-e1584533052930-150x246.jpg 150w,https:\/\/licenceconsultoria.com.br\/wp-content\/uploads\/2019\/11\/jakob-owens-gRkSYe-JYi0-unsplash-e1584533052930-300x492.jpg 300w,https:\/\/licenceconsultoria.com.br\/wp-content\/uploads\/2019\/11\/jakob-owens-gRkSYe-JYi0-unsplash-e1584533052930-470x772.jpg 470w,https:\/\/licenceconsultoria.com.br\/wp-content\/uploads\/2019\/11\/jakob-owens-gRkSYe-JYi0-unsplash-e1584533052930-728x1195.jpg 728w\" data-src=\"https:\/\/licenceconsultoria.com.br\/wp-content\/uploads\/2019\/11\/jakob-owens-gRkSYe-JYi0-unsplash-e1584533052930-470x772.jpg\" \/><\/a><\/div><\/div>\n                            \n                            <div class=\"entry-main\">\n                                                                                        \n                                <div class=\"entry-info\">\n                                                                    <div class=\"entry-date\">\n                                        <a href=\"https:\/\/licenceconsultoria.com.br\/index.php\/2019\/11\/23\/reliance-capitals-nbfc-portfolio-shrinks-to-just-insurance\/\">\n                                            <time datetime=\"2019-11-23T13:24:07+00:00\" title=\"2019-11-23T13:24:07+00:00\" >novembro 23, 2019<\/time>\n                                        <\/a>\n                                    <\/div>\n                                                                                                    <span class=\"entry-meta-sep meta-sep\">by<\/span>\n                                    <span class=\"author vcard\">\n                                        <a href=\"https:\/\/licenceconsultoria.com.br\/index.php\/author\/engleandrocabral\/\" rel=\"author\" title=\"View all posts by Leandro Cabral\" >\n                                            Leandro Cabral                                        <\/a>\n                                    <\/span>\n                                                                                                                                                                        <\/div>\n                            \n                                <header class=\"entry-header\">\n                                \n                                    <h4 class=\"entry-title\">\n                                        <a href=\"https:\/\/licenceconsultoria.com.br\/index.php\/2019\/11\/23\/reliance-capitals-nbfc-portfolio-shrinks-to-just-insurance\/\">\n                                            A Import\u00e2ncia do Processo de Licenciamento Ambiental e Alvar\u00e1s de Funcionamento no \u00e2mbito empresarial                                        <\/a>\n                                    <\/h4>\n                                                                    <div class=\"entry-format\">\n                                        <a href=\"https:\/\/licenceconsultoria.com.br\/index.php\/2019\/11\/23\/reliance-capitals-nbfc-portfolio-shrinks-to-just-insurance\/\">\n                                            <div class=\"post-format format-\"> <\/div>\n                                        <\/a>\n                                    <\/div>\n                                <\/header>\n                                                        \n                                                            <div class=\"entry-content\">\n                                                                            <p>\nA busca pelo crescimento e sucesso nos neg\u00f3cios \u00e9 um objetivo comum a todas as empresas.  ...<\/p><div class=\"clear\"><\/div>                                <\/div>\n                            \n                            <\/div>\n\n                        <\/article>\n<\/div><\/div><\/section><!-- widget-container -->\t\t<\/div>\n\t\t\t\t<\/div>\n\t\t\t\t\t<\/div>\n\t\t<\/div>\n\t\t\t\t\t\t\t<\/div>\n\t\t<\/section>\n\t\t\t\t\t\t\t<\/div>\n\t\t","protected":false},"excerpt":{"rendered":"<p>Blog In\u00edcio > Blog novembro 23, 2019 by engleandrocabral | Edit Mahindra to lead Ford&#8217;s India operations; new JV to focus Sed ut perspiciatis unde omnis iste natus error sit voluptatem accusantium doloremque lau &#8230; novembro 23, 2019 by engleandrocabral | Edit Reality check: Corporate tax cut unlikely to increase investment or employment Sed ut [&hellip;]<\/p>\n","protected":false},"author":1,"featured_media":0,"parent":0,"menu_order":0,"comment_status":"closed","ping_status":"closed","template":"templates\/page-builder-content.php","meta":{"footnotes":""},"_links":{"self":[{"href":"https:\/\/licenceconsultoria.com.br\/index.php\/wp-json\/wp\/v2\/pages\/109"}],"collection":[{"href":"https:\/\/licenceconsultoria.com.br\/index.php\/wp-json\/wp\/v2\/pages"}],"about":[{"href":"https:\/\/licenceconsultoria.com.br\/index.php\/wp-json\/wp\/v2\/types\/page"}],"author":[{"embeddable":true,"href":"https:\/\/licenceconsultoria.com.br\/index.php\/wp-json\/wp\/v2\/users\/1"}],"replies":[{"embeddable":true,"href":"https:\/\/licenceconsultoria.com.br\/index.php\/wp-json\/wp\/v2\/comments?post=109"}],"version-history":[{"count":3,"href":"https:\/\/licenceconsultoria.com.br\/index.php\/wp-json\/wp\/v2\/pages\/109\/revisions"}],"predecessor-version":[{"id":162,"href":"https:\/\/licenceconsultoria.com.br\/index.php\/wp-json\/wp\/v2\/pages\/109\/revisions\/162"}],"wp:attachment":[{"href":"https:\/\/licenceconsultoria.com.br\/index.php\/wp-json\/wp\/v2\/media?parent=109"}],"curies":[{"name":"wp","href":"https:\/\/api.w.org\/{rel}","templated":true}]}}